{"id":17,"date":"2025-12-01T10:36:25","date_gmt":"2025-12-01T10:36:25","guid":{"rendered":"https:\/\/sorafarm.vn\/?page_id=17"},"modified":"2025-12-01T10:48:13","modified_gmt":"2025-12-01T10:48:13","slug":"trang-chu","status":"publish","type":"page","link":"https:\/\/sorafarm.vn\/","title":{"rendered":"TRANG CH\u1ee6"},"content":{"rendered":"\n<div class=\"slider-wrapper relative\" id=\"slider-58168707\" >\n    <div class=\"slider slider-nav-circle slider-nav-large slider-nav-light slider-style-normal\"\n        data-flickity-options='{\n            \"cellAlign\": \"center\",\n            \"imagesLoaded\": true,\n            \"lazyLoad\": 1,\n            \"freeScroll\": false,\n            \"wrapAround\": true,\n            \"autoPlay\": 6000,\n            \"pauseAutoPlayOnHover\" : true,\n            \"prevNextButtons\": true,\n            \"contain\" : true,\n            \"adaptiveHeight\" : true,\n            \"dragThreshold\" : 10,\n            \"percentPosition\": true,\n            \"pageDots\": true,\n            \"rightToLeft\": false,\n            \"draggable\": true,\n            \"selectedAttraction\": 0.1,\n            \"parallax\" : 0,\n            \"friction\": 0.6        }'\n        >\n        \n\n\t<div class=\"img has-hover x md-x lg-x y md-y lg-y\" id=\"image_1594671926\">\n\t\t\t\t\t\t\t\t<div class=\"img-inner dark\" >\n\t\t\t<img loading=\"lazy\" decoding=\"async\" width=\"1020\" height=\"574\" src=\"https:\/\/sorafarm.vn\/wp-content\/uploads\/2025\/12\/anh-1-1024x576.jpg\" class=\"attachment-large size-large\" alt=\"\" srcset=\"https:\/\/sorafarm.vn\/wp-content\/uploads\/2025\/12\/anh-1-1024x576.jpg 1024w, https:\/\/sorafarm.vn\/wp-content\/uploads\/2025\/12\/anh-1-300x169.jpg 300w, https:\/\/sorafarm.vn\/wp-content\/uploads\/2025\/12\/anh-1-768x432.jpg 768w, https:\/\/sorafarm.vn\/wp-content\/uploads\/2025\/12\/anh-1-1536x864.jpg 1536w, https:\/\/sorafarm.vn\/wp-content\/uploads\/2025\/12\/anh-1.jpg 1600w\" sizes=\"auto, (max-width: 1020px) 100vw, 1020px\" \/>\t\t\t\t\t\t\n\t\t\t\t\t<\/div>\n\t\t\t\t\t\t\t\t\n<style>\n#image_1594671926 {\n  width: 100%;\n}\n<\/style>\n\t<\/div>\n\t\n\n\t<div class=\"img has-hover x md-x lg-x y md-y lg-y\" id=\"image_2007169235\">\n\t\t\t\t\t\t\t\t<div class=\"img-inner dark\" >\n\t\t\t<img loading=\"lazy\" decoding=\"async\" width=\"1020\" height=\"574\" src=\"https:\/\/sorafarm.vn\/wp-content\/uploads\/2025\/12\/anh-2-1024x576.jpg\" class=\"attachment-large size-large\" alt=\"\" srcset=\"https:\/\/sorafarm.vn\/wp-content\/uploads\/2025\/12\/anh-2-1024x576.jpg 1024w, https:\/\/sorafarm.vn\/wp-content\/uploads\/2025\/12\/anh-2-300x169.jpg 300w, https:\/\/sorafarm.vn\/wp-content\/uploads\/2025\/12\/anh-2-768x432.jpg 768w, https:\/\/sorafarm.vn\/wp-content\/uploads\/2025\/12\/anh-2-1536x864.jpg 1536w, https:\/\/sorafarm.vn\/wp-content\/uploads\/2025\/12\/anh-2.jpg 1600w\" sizes=\"auto, (max-width: 1020px) 100vw, 1020px\" \/>\t\t\t\t\t\t\n\t\t\t\t\t<\/div>\n\t\t\t\t\t\t\t\t\n<style>\n#image_2007169235 {\n  width: 100%;\n}\n<\/style>\n\t<\/div>\n\t\n\n\t<div class=\"img has-hover x md-x lg-x y md-y lg-y\" id=\"image_9319643\">\n\t\t\t\t\t\t\t\t<div class=\"img-inner dark\" >\n\t\t\t<img loading=\"lazy\" decoding=\"async\" width=\"1020\" height=\"574\" src=\"https:\/\/sorafarm.vn\/wp-content\/uploads\/2025\/12\/anh-3-1024x576.jpg\" class=\"attachment-large size-large\" alt=\"\" srcset=\"https:\/\/sorafarm.vn\/wp-content\/uploads\/2025\/12\/anh-3-1024x576.jpg 1024w, https:\/\/sorafarm.vn\/wp-content\/uploads\/2025\/12\/anh-3-300x169.jpg 300w, https:\/\/sorafarm.vn\/wp-content\/uploads\/2025\/12\/anh-3-768x432.jpg 768w, https:\/\/sorafarm.vn\/wp-content\/uploads\/2025\/12\/anh-3-1536x864.jpg 1536w, https:\/\/sorafarm.vn\/wp-content\/uploads\/2025\/12\/anh-3.jpg 1600w\" sizes=\"auto, (max-width: 1020px) 100vw, 1020px\" \/>\t\t\t\t\t\t\n\t\t\t\t\t<\/div>\n\t\t\t\t\t\t\t\t\n<style>\n#image_9319643 {\n  width: 100%;\n}\n<\/style>\n\t<\/div>\n\t\n\n\n     <\/div>\n\n     <div class=\"loading-spin dark large centered\"><\/div>\n\n\t<\/div>\n\n\n<div class=\"row\"  id=\"row-1993659722\">\n\n\n\t<div id=\"col-942408664\" class=\"col medium-6 small-6 large-6\"  >\n\t\t\t\t<div class=\"col-inner\"  >\n\t\t\t\n\t\t\t\n\n<a class=\"button primary is-shade is-larger box-shadow-4 box-shadow-5-hover\" style=\"border-radius:10px;\">\n\t\t<span>N\u00d4NG S\u1ea2N S\u1ea0CH<\/span>\n\t<\/a>\n\n\n\n\t\t<\/div>\n\t\t\t\t\t<\/div>\n\n\t\n\n\t<div id=\"col-915917758\" class=\"col medium-6 small-6 large-6\"  >\n\t\t\t\t<div class=\"col-inner\"  >\n\t\t\t\n\t\t\t\n\n<a class=\"button primary is-shade is-larger box-shadow-4 box-shadow-5-hover\" style=\"border-radius:10px;\">\n\t\t<span>C\u00c0 PH\u00ca NGUY\u00caN CH\u1ea4T<\/span>\n\t<\/a>\n\n\n\n\t\t<\/div>\n\t\t\t\t\t<\/div>\n\n\t\n\n<\/div>\n<a class=\"button primary expand\" >\n\t\t<span>S\u1ea2N PH\u1ea8M TI\u00caU BI\u1ec2U<\/span>\n\t<\/a>\n\n\n\t<div class=\"img has-hover x md-x lg-x y md-y lg-y\" id=\"image_704923643\">\n\t\t\t\t\t\t\t\t<div class=\"img-inner dark\" >\n\t\t\t<img loading=\"lazy\" decoding=\"async\" width=\"1020\" height=\"889\" src=\"https:\/\/sorafarm.vn\/wp-content\/uploads\/2025\/12\/anh-7-1024x892.jpg\" class=\"attachment-large size-large\" alt=\"\" srcset=\"https:\/\/sorafarm.vn\/wp-content\/uploads\/2025\/12\/anh-7-1024x892.jpg 1024w, https:\/\/sorafarm.vn\/wp-content\/uploads\/2025\/12\/anh-7-300x261.jpg 300w, https:\/\/sorafarm.vn\/wp-content\/uploads\/2025\/12\/anh-7-768x669.jpg 768w, https:\/\/sorafarm.vn\/wp-content\/uploads\/2025\/12\/anh-7.jpg 1026w\" sizes=\"auto, (max-width: 1020px) 100vw, 1020px\" \/>\t\t\t\t\t\t\n\t\t\t\t\t<\/div>\n\t\t\t\t\t\t\t\t\n<style>\n#image_704923643 {\n  width: 100%;\n}\n<\/style>\n\t<\/div>\n\t\n\n<p style=\"text-align: center;\"><strong>ROBUSTA NGUY\u00caN CH\u1ea4T<\/strong><\/p>\n<p style=\"text-align: center;\">c\u00e0 ph\u00ea nguy\u00ean ch\u1ea5t 100%<\/p>\n\t<div class=\"img has-hover x md-x lg-x y md-y lg-y\" id=\"image_305580411\">\n\t\t\t\t\t\t\t\t<div class=\"img-inner dark\" >\n\t\t\t<img loading=\"lazy\" decoding=\"async\" width=\"1020\" height=\"889\" src=\"https:\/\/sorafarm.vn\/wp-content\/uploads\/2025\/12\/anh-8-1024x892.jpg\" class=\"attachment-large size-large\" alt=\"\" srcset=\"https:\/\/sorafarm.vn\/wp-content\/uploads\/2025\/12\/anh-8-1024x892.jpg 1024w, https:\/\/sorafarm.vn\/wp-content\/uploads\/2025\/12\/anh-8-300x261.jpg 300w, https:\/\/sorafarm.vn\/wp-content\/uploads\/2025\/12\/anh-8-768x669.jpg 768w, https:\/\/sorafarm.vn\/wp-content\/uploads\/2025\/12\/anh-8.jpg 1026w\" sizes=\"auto, (max-width: 1020px) 100vw, 1020px\" \/>\t\t\t\t\t\t\n\t\t\t\t\t<\/div>\n\t\t\t\t\t\t\t\t\n<style>\n#image_305580411 {\n  width: 100%;\n}\n<\/style>\n\t<\/div>\n\t\n\n<p style=\"text-align: center;\">TR\u00c0 NGUY\u00caN CH\u1ea4T<\/p>\n<p style=\"text-align: center;\">Tr\u00e0 nguy\u00ean ch\u1ea5t 100%<\/p>\n<a class=\"button primary expand\" >\n\t\t<span>b\u00e0i vi\u1ebft<\/span>\n\t<\/a>\n\n\n\n  \n    <div class=\"row large-columns-3 medium-columns-1 small-columns-3 slider row-slider slider-nav-reveal slider-nav-push\"  data-flickity-options='{&quot;imagesLoaded&quot;: true, &quot;groupCells&quot;: &quot;100%&quot;, &quot;dragThreshold&quot; : 5, &quot;cellAlign&quot;: &quot;left&quot;,&quot;wrapAround&quot;: true,&quot;prevNextButtons&quot;: true,&quot;percentPosition&quot;: true,&quot;pageDots&quot;: false, &quot;rightToLeft&quot;: false, &quot;autoPlay&quot; : false}' >\n\n  <div class=\"col post-item\" >\n\t\t\t<div class=\"col-inner\">\n\t\t\t\t<div class=\"box box-normal box-text-bottom box-blog-post has-hover\">\n          \t\t\t\t\t<div class=\"box-text text-center\" >\n\t\t\t\t\t<div class=\"box-text-inner blog-post-inner\">\n\n\t\t\t\t\t\n\t\t\t\t\t\t\t\t\t\t<h5 class=\"post-title is-large \">\n\t\t\t\t\t\t<a href=\"https:\/\/sorafarm.vn\/index.php\/2025\/12\/01\/chuyen-ca-phe-nguyen-chat\/\" class=\"plain\">Chuy\u00ean c\u00e0 ph\u00ea nguy\u00ean ch\u1ea5t<\/a>\n\t\t\t\t\t<\/h5>\n\t\t\t\t\t<div class=\"post-meta is-small op-8\">Th\u00e1ng 12 1, 2025<\/div>\t\t\t\t\t<div class=\"is-divider\"><\/div>\n\t\t\t\t\t\t\t\t\t\t<p class=\"from_the_blog_excerpt \">\n\t\t\t\t\t\t\t\t\t\t\t<\/p>\n\t\t\t\t\t                    \n\t\t\t\t\t\n\t\t\t\t\t\n\t\t\t\t\t<\/div>\n\t\t\t\t\t<\/div>\n\t\t\t\t\t\t\t\t\t<\/div>\n\t\t\t<\/div>\n\t\t<\/div><div class=\"col post-item\" >\n\t\t\t<div class=\"col-inner\">\n\t\t\t\t<div class=\"box box-normal box-text-bottom box-blog-post has-hover\">\n          \t\t\t\t\t<div class=\"box-text text-center\" >\n\t\t\t\t\t<div class=\"box-text-inner blog-post-inner\">\n\n\t\t\t\t\t\n\t\t\t\t\t\t\t\t\t\t<h5 class=\"post-title is-large \">\n\t\t\t\t\t\t<a href=\"https:\/\/sorafarm.vn\/index.php\/2025\/12\/01\/chuyen-nong-san\/\" class=\"plain\">Chuy\u00ean N\u00f4ng s\u1ea3n<\/a>\n\t\t\t\t\t<\/h5>\n\t\t\t\t\t<div class=\"post-meta is-small op-8\">Th\u00e1ng 12 1, 2025<\/div>\t\t\t\t\t<div class=\"is-divider\"><\/div>\n\t\t\t\t\t\t\t\t\t\t<p class=\"from_the_blog_excerpt \">\n\t\t\t\t\t\t\t\t\t\t\t<\/p>\n\t\t\t\t\t                    \n\t\t\t\t\t\n\t\t\t\t\t\n\t\t\t\t\t<\/div>\n\t\t\t\t\t<\/div>\n\t\t\t\t\t\t\t\t\t<\/div>\n\t\t\t<\/div>\n\t\t<\/div><\/div>\n\n<a class=\"button primary expand\" >\n\t\t<span>nh\u1eefng \u0111i\u1ec1u b\u1ea1n c\u1ea7n bi\u1ebft<\/span>\n\t<\/a>\n\n\n<div class=\"row\"  id=\"row-1754722365\">\n\n\n\t<div id=\"col-1529419782\" class=\"col medium-6 small-6 large-6\"  >\n\t\t\t\t<div class=\"col-inner\"  >\n\t\t\t\n\t\t\t\n\n\t<div class=\"img has-hover x md-x lg-x y md-y lg-y\" id=\"image_484139880\">\n\t\t\t\t\t\t\t\t<div class=\"img-inner dark\" >\n\t\t\t<img loading=\"lazy\" decoding=\"async\" width=\"1020\" height=\"624\" src=\"https:\/\/sorafarm.vn\/wp-content\/uploads\/2025\/12\/anh-4-1024x626.jpg\" class=\"attachment-large size-large\" alt=\"\" srcset=\"https:\/\/sorafarm.vn\/wp-content\/uploads\/2025\/12\/anh-4-1024x626.jpg 1024w, https:\/\/sorafarm.vn\/wp-content\/uploads\/2025\/12\/anh-4-300x183.jpg 300w, https:\/\/sorafarm.vn\/wp-content\/uploads\/2025\/12\/anh-4-768x469.jpg 768w, https:\/\/sorafarm.vn\/wp-content\/uploads\/2025\/12\/anh-4.jpg 1452w\" sizes=\"auto, (max-width: 1020px) 100vw, 1020px\" \/>\t\t\t\t\t\t\n\t\t\t\t\t<\/div>\n\t\t\t\t\t\t\t\t\n<style>\n#image_484139880 {\n  width: 100%;\n}\n<\/style>\n\t<\/div>\n\t\n\n<p style=\"text-align: center;\">S\u1ee9c kh\u1ecfe<\/p>\n\n\t\t<\/div>\n\t\t\t\t\t<\/div>\n\n\t\n\n\t<div id=\"col-167224946\" class=\"col medium-6 small-6 large-6\"  >\n\t\t\t\t<div class=\"col-inner\"  >\n\t\t\t\n\t\t\t\n\n\t<div class=\"img has-hover x md-x lg-x y md-y lg-y\" id=\"image_220759168\">\n\t\t\t\t\t\t\t\t<div class=\"img-inner dark\" >\n\t\t\t<img loading=\"lazy\" decoding=\"async\" width=\"1020\" height=\"624\" src=\"https:\/\/sorafarm.vn\/wp-content\/uploads\/2025\/12\/anh-5-1024x626.jpg\" class=\"attachment-large size-large\" alt=\"\" srcset=\"https:\/\/sorafarm.vn\/wp-content\/uploads\/2025\/12\/anh-5-1024x626.jpg 1024w, https:\/\/sorafarm.vn\/wp-content\/uploads\/2025\/12\/anh-5-300x183.jpg 300w, https:\/\/sorafarm.vn\/wp-content\/uploads\/2025\/12\/anh-5-768x469.jpg 768w, https:\/\/sorafarm.vn\/wp-content\/uploads\/2025\/12\/anh-5.jpg 1452w\" sizes=\"auto, (max-width: 1020px) 100vw, 1020px\" \/>\t\t\t\t\t\t\n\t\t\t\t\t<\/div>\n\t\t\t\t\t\t\t\t\n<style>\n#image_220759168 {\n  width: 100%;\n}\n<\/style>\n\t<\/div>\n\t\n\n<p style=\"text-align: center;\">M\u00f9a v\u1ee5<\/p>\n\n\t\t<\/div>\n\t\t\t\t\t<\/div>\n\n\t\n\n<\/div>\n<div class=\"row\"  id=\"row-322554760\">\n\n\n\t<div id=\"col-1041523038\" class=\"col medium-6 small-6 large-6\"  >\n\t\t\t\t<div class=\"col-inner\"  >\n\t\t\t\n\t\t\t\n\n\t<div class=\"img has-hover x md-x lg-x y md-y lg-y\" id=\"image_170409178\">\n\t\t\t\t\t\t\t\t<div class=\"img-inner dark\" >\n\t\t\t<img loading=\"lazy\" decoding=\"async\" width=\"1020\" height=\"624\" src=\"https:\/\/sorafarm.vn\/wp-content\/uploads\/2025\/12\/anh-6-1024x626.jpg\" class=\"attachment-large size-large\" alt=\"\" srcset=\"https:\/\/sorafarm.vn\/wp-content\/uploads\/2025\/12\/anh-6-1024x626.jpg 1024w, https:\/\/sorafarm.vn\/wp-content\/uploads\/2025\/12\/anh-6-300x183.jpg 300w, https:\/\/sorafarm.vn\/wp-content\/uploads\/2025\/12\/anh-6-768x469.jpg 768w, https:\/\/sorafarm.vn\/wp-content\/uploads\/2025\/12\/anh-6.jpg 1452w\" sizes=\"auto, (max-width: 1020px) 100vw, 1020px\" \/>\t\t\t\t\t\t\n\t\t\t\t\t<\/div>\n\t\t\t\t\t\t\t\t\n<style>\n#image_170409178 {\n  width: 100%;\n}\n<\/style>\n\t<\/div>\n\t\n\n<p style=\"text-align: center;\">c\u00e0 ph\u00ea\u00a0<\/p>\n\n\t\t<\/div>\n\t\t\t\t\t<\/div>\n\n\t\n\n\t<div id=\"col-13838982\" class=\"col medium-6 small-6 large-6\"  >\n\t\t\t\t<div class=\"col-inner\"  >\n\t\t\t\n\t\t\t\n\n\n\t\t<\/div>\n\t\t\t\t\t<\/div>\n\n\t\n\n<\/div>\n\n","protected":false},"excerpt":{"rendered":"","protected":false},"author":1,"featured_media":0,"parent":0,"menu_order":0,"comment_status":"closed","ping_status":"closed","template":"","meta":{"footnotes":""},"class_list":["post-17","page","type-page","status-publish","hentry"],"_links":{"self":[{"href":"https:\/\/sorafarm.vn\/index.php\/wp-json\/wp\/v2\/pages\/17","targetHints":{"allow":["GET"]}}],"collection":[{"href":"https:\/\/sorafarm.vn\/index.php\/wp-json\/wp\/v2\/pages"}],"about":[{"href":"https:\/\/sorafarm.vn\/index.php\/wp-json\/wp\/v2\/types\/page"}],"author":[{"embeddable":true,"href":"https:\/\/sorafarm.vn\/index.php\/wp-json\/wp\/v2\/users\/1"}],"replies":[{"embeddable":true,"href":"https:\/\/sorafarm.vn\/index.php\/wp-json\/wp\/v2\/comments?post=17"}],"version-history":[{"count":7,"href":"https:\/\/sorafarm.vn\/index.php\/wp-json\/wp\/v2\/pages\/17\/revisions"}],"predecessor-version":[{"id":33,"href":"https:\/\/sorafarm.vn\/index.php\/wp-json\/wp\/v2\/pages\/17\/revisions\/33"}],"wp:attachment":[{"href":"https:\/\/sorafarm.vn\/index.php\/wp-json\/wp\/v2\/media?parent=17"}],"curies":[{"name":"wp","href":"https:\/\/api.w.org\/{rel}","templated":true}]}}